{"id":55,"date":"2009-06-06T06:30:50","date_gmt":"2009-06-06T13:30:50","guid":{"rendered":"http:\/\/www.adi-schwartz.com\/HE\/?page_id=55"},"modified":"2010-07-11T06:22:43","modified_gmt":"2010-07-11T13:22:43","slug":"%d7%a2%d7%93%d7%99-%d7%a9%d7%95%d7%a8%d7%a5-%d7%91%d7%99%d7%95%d7%92%d7%a8%d7%a4%d7%99%d7%94","status":"publish","type":"page","link":"https:\/\/www.adi-schwartz.com\/HE\/?page_id=55","title":{"rendered":"\u00d7\u00a2\u00d7\u201c\u00d7\u2122 \u00d7\u00a9\u00d7\u2022\u00d7\u00a8\u00d7\u00a5 &#8211; \u00d7\u2018\u00d7\u2122\u00d7\u2022\u00d7\u2019\u00d7\u00a8\u00d7\u00a4\u00d7\u2122\u00d7\u201d"},"content":{"rendered":"<p dir=\"rtl\">\u00d7\u00a2\u00d7\u201c\u00d7\u2122 \u00d7\u00a9\u00d7\u2022\u00d7\u00a8\u00d7\u00a5 \u00d7\u201d\u00d7\u2022\u00d7\u0090 \u00d7\u00a2\u00d7\u2122\u00d7\u00aa\u00d7\u2022\u00d7\u00a0\u00d7\u0090\u00d7\u2122 \u00d7\u2122\u00d7\u00a9\u00d7\u00a8\u00d7\u0090\u00d7\u0153\u00d7\u2122 \u00d7\u00a2\u00d7\u00a6\u00d7\u017e\u00d7\u0090\u00d7\u2122 \u00d7\u00a2\u00d7\u009d \u00d7\u00a0\u00d7\u2122\u00d7\u00a1\u00d7\u2122\u00d7\u2022\u00d7\u0178 \u00d7\u00a9\u00d7\u0153 \u00d7\u2122\u00d7\u2022\u00d7\u00aa\u00d7\u00a8 \u00d7\u017e\u00d7\u00a2\u00d7\u00a9\u00d7\u00a8 \u00d7\u00a9\u00d7\u00a0\u00d7\u2122\u00d7\u009d \u00d7\u2018\u00d7\u00a2\u00d7\u2018\u00d7\u2022\u00d7\u201c\u00d7\u201d \u00d7\u00a2\u00d7\u2018\u00d7\u2022\u00d7\u00a8 \u00d7\u203a\u00d7\u0153\u00d7\u2122 \u00d7\u00aa\u00d7\u00a7\u00d7\u00a9\u00d7\u2022\u00d7\u00a8\u00d7\u00aa \u00d7\u017e\u00d7\u2022\u00d7\u2018\u00d7\u2122\u00d7\u0153\u00d7\u2122\u00d7\u009d \u00d7\u2018\u00d7\u2122\u00d7\u00a9\u00d7\u00a8\u00d7\u0090\u00d7\u0153 \u00d7\u2022\u00d7\u2018\u00d7\u00a2\u00d7\u2022\u00d7\u0153\u00d7\u009d. \u00d7\u201d\u00d7\u2022\u00d7\u0090 \u00d7\u017e\u00d7\u00aa\u00d7\u017e\u00d7\u2014\u00d7\u201d \u00d7\u2018\u00d7\u00a8\u00d7\u0090\u00d7\u2122\u00d7\u2022\u00d7\u00a0\u00d7\u2022\u00d7\u00aa \u00d7\u00a2\u00d7\u2022\u00d7\u017e\u00d7\u00a7, \u00d7\u00aa\u00d7\u2014\u00d7\u00a7\u00d7\u2122\u00d7\u00a8\u00d7\u2122\u00d7\u009d, \u00d7\u00a4\u00d7\u00a8\u00d7\u00a9\u00d7\u00a0\u00d7\u2022\u00d7\u2122\u00d7\u2022\u00d7\u00aa \u00d7\u2022\u00d7\u00a8\u00d7\u00a4\u00d7\u2022\u00d7\u00a8\u00d7\u02dc\u00d7\u0090\u00d7\u2013&#8217;\u00d7\u2022\u00d7\u00aa \u00d7\u017e\u00d7\u201d\u00d7\u00a9\u00d7\u02dc\u00d7\u2014, \u00d7\u2022\u00d7\u00a2\u00d7\u2022\u00d7\u00a1\u00d7\u00a7 \u00d7\u2018\u00d7\u00a2\u00d7\u2122\u00d7\u00a7\u00d7\u00a8 \u00d7\u2018\u00d7\u00a2\u00d7\u00a0\u00d7\u2122\u00d7\u2122\u00d7\u00a0\u00d7\u2122\u00d7\u009d \u00d7\u00a4\u00d7\u2022\u00d7\u0153\u00d7\u2122\u00d7\u02dc\u00d7\u2122\u00d7\u2122\u00d7\u009d \u00d7\u2022\u00d7\u0090\u00d7\u00a7\u00d7\u02dc\u00d7\u2022\u00d7\u0090\u00d7\u0153\u00d7\u2122\u00d7\u2122\u00d7\u009d, \u00d7\u0090\u00d7\u0161 \u00d7\u2019\u00d7\u009d \u00d7\u2018\u00d7\u00aa\u00d7\u00a8\u00d7\u2018\u00d7\u2022\u00d7\u00aa, \u00d7\u203a\u00d7\u0153\u00d7\u203a\u00d7\u0153\u00d7\u201d, \u00d7\u201d\u00d7\u2122\u00d7\u00a1\u00d7\u02dc\u00d7\u2022\u00d7\u00a8\u00d7\u2122\u00d7\u201d \u00d7\u2022\u00d7\u2014\u00d7\u2018\u00d7\u00a8\u00d7\u201d.<\/p>\n<p dir=\"rtl\">\u00d7\u201d\u00d7\u2022\u00d7\u0090 \u00d7\u00a9\u00d7\u2122\u00d7\u017e\u00d7\u00a9 \u00d7\u203a\u00d7\u00aa\u00d7\u2018 \u00d7\u2022\u00d7\u00a2\u00d7\u2022\u00d7\u00a8\u00d7\u0161 \u00d7\u2018\u00d7\u203a\u00d7\u2122\u00d7\u00a8 \u00d7\u2018\u00d7\u00a2\u00d7\u2122\u00d7\u00aa\u00d7\u2022\u00d7\u0178 <a href=\"http:\/\/www.haaretz.co.il\/\" target=\"_blank\">&#8220;\u00d7\u201d\u00d7\u0090\u00d7\u00a8\u00d7\u00a5&#8221;<\/a>, \u00d7\u2022\u00d7\u201d\u00d7\u2122\u00d7\u201d \u00d7\u00a9\u00d7\u0153\u00d7\u2122\u00d7\u2014\u00d7\u2022 \u00d7\u201d\u00d7\u017e\u00d7\u2122\u00d7\u2022\u00d7\u2014\u00d7\u201c \u00d7\u00a9\u00d7\u0153 \u00d7\u201d\u00d7\u00a2\u00d7\u2122\u00d7\u00aa\u00d7\u2022\u00d7\u0178 \u00d7\u0153\u00d7\u2018\u00d7\u00a8\u00d7\u2122\u00d7\u00a1\u00d7\u0153, \u00d7\u00a8\u00d7\u2022\u00d7\u017e\u00d7\u0090, \u00d7\u0153\u00d7\u2022\u00d7\u00a0\u00d7\u201c\u00d7\u2022\u00d7\u0178 \u00d7\u2022\u00d7\u201c\u00d7\u00a8\u00d7\u2022\u00d7\u009d \u00d7\u0090\u00d7\u017e\u00d7\u00a8\u00d7\u2122\u00d7\u00a7\u00d7\u201d. \u00d7\u2018\u00d7\u00a9\u00d7\u00a0\u00d7\u2122\u00d7\u009d \u00d7\u201d\u00d7\u0090\u00d7\u2014\u00d7\u00a8\u00d7\u2022\u00d7\u00a0\u00d7\u2022\u00d7\u00aa \u00d7\u201d\u00d7\u2122\u00d7\u201d \u00d7\u203a\u00d7\u00aa\u00d7\u2018 \u00d7\u017e\u00d7\u2019\u00d7\u2013\u00d7\u2122\u00d7\u0178, \u00d7\u2022\u00d7\u00aa\u00d7\u00a8\u00d7\u009d \u00d7\u2019\u00d7\u009d \u00d7\u0153\u00d7\u00a2\u00d7\u017e\u00d7\u2022\u00d7\u201c\u00d7\u2122 \u00d7\u201d\u00d7\u201c\u00d7\u00a2\u00d7\u2022\u00d7\u00aa. \u00d7\u203a\u00d7\u2122\u00d7\u2022\u00d7\u009d \u00d7\u201d\u00d7\u2022\u00d7\u0090 \u00d7\u201d\u00d7\u203a\u00d7\u00aa\u00d7\u2018 \u00d7\u2018\u00d7\u2122\u00d7\u00a9\u00d7\u00a8\u00d7\u0090\u00d7\u0153 \u00d7\u00a9\u00d7\u0153 \u00d7\u201d\u00d7\u017e\u00d7\u2019\u00d7\u2013\u00d7\u2122\u00d7\u0178 \u00d7\u201d\u00d7\u2018\u00d7\u00a8\u00d7\u2122\u00d7\u02dc\u00d7\u2122 <a href=\"http:\/\/monocle.com\/\" target=\"_blank\">Monocle<\/a>, \u00d7\u2022\u00d7\u203a\u00d7\u2022\u00d7\u00aa\u00d7\u2018 \u00d7\u00a2\u00d7\u2018\u00d7\u2022\u00d7\u00a8 \u00d7\u201d\u00d7\u00a2\u00d7\u2122\u00d7\u00aa\u00d7\u2022\u00d7\u00a0\u00d7\u2122\u00d7\u009d <a href=\"http:\/\/www.israelhayom.co.il\/en\/\" target=\"_blank\">&#8220;\u00d7\u2122\u00d7\u00a9\u00d7\u00a8\u00d7\u0090\u00d7\u0153 \u00d7\u201d\u00d7\u2122\u00d7\u2022\u00d7\u009d&#8221;<\/a>, <a href=\"http:\/\/www.nrg.co.il\/online\/HP_0.html\" target=\"_blank\">&#8220;\u00d7\u017e\u00d7\u00a2\u00d7\u00a8\u00d7\u2122\u00d7\u2018&#8221;<\/a>, <a href=\"http:\/\/www.thejc.com\/\" target=\"_blank\">&#8220;\u00d7\u2019&#8217;\u00d7\u2022\u00d7\u0090\u00d7\u2122\u00d7\u00a9 \u00d7\u203a\u00d7\u00a8\u00d7\u2022\u00d7\u00a0\u00d7\u2122\u00d7\u00a7\u00d7\u0153&#8221;<\/a>, <a href=\"http:\/\/www.ilfoglio.it\/\" target=\"_blank\">&#8220;\u00d7\u0090\u00d7\u2122\u00d7\u0153 \u00d7\u00a4\u00d7\u2022\u00d7\u0153\u00d7\u2122\u00d7\u2022&#8221;<\/a>, <a href=\"http:\/\/www.mumbaimirror.com\/\" target=\"_blank\">&#8220;\u00d7\u017e\u00d7\u2022\u00d7\u017e\u00d7\u2018\u00d7\u0090\u00d7\u2122 \u00d7\u017e\u00d7\u2122\u00d7\u00a8\u00d7\u2022\u00d7\u00a8&#8221;<\/a> \u00d7\u2022\u00d7\u0090\u00d7\u2014\u00d7\u00a8\u00d7\u2122\u00d7\u009d.<\/p>\n<p dir=\"rtl\">\u00d7\u00aa\u00d7\u2014\u00d7\u2022\u00d7\u017e\u00d7\u2122 \u00d7\u201d\u00d7\u00a2\u00d7\u00a0\u00d7\u2122\u00d7\u2122\u00d7\u0178 \u00d7\u201d\u00d7\u017e\u00d7\u00a8\u00d7\u203a\u00d7\u2013\u00d7\u2122\u00d7\u2122\u00d7\u009d \u00d7\u00a9\u00d7\u0153\u00d7\u2022 \u00d7\u201d\u00d7\u009d \u00d7\u201d\u00d7\u00a1\u00d7\u203a\u00d7\u00a1\u00d7\u2022\u00d7\u0161 \u00d7\u2018\u00d7\u017e\u00d7\u2013\u00d7\u00a8\u00d7\u2014 \u00d7\u201d\u00d7\u00aa\u00d7\u2122\u00d7\u203a\u00d7\u2022\u00d7\u0178, \u00d7\u00a4\u00d7\u2022\u00d7\u0153\u00d7\u2122\u00d7\u02dc\u00d7\u2122\u00d7\u00a7\u00d7\u201d \u00d7\u2122\u00d7\u00a9\u00d7\u00a8\u00d7\u0090\u00d7\u0153\u00d7\u2122\u00d7\u00aa, \u00d7\u0090\u00d7\u00a0\u00d7\u02dc\u00d7\u2122\u00d7\u00a9\u00d7\u017e\u00d7\u2122\u00d7\u2022\u00d7\u00aa, \u00d7\u2122\u00d7\u2014\u00d7\u00a1\u00d7\u2122 \u00d7\u2122\u00d7\u201d\u00d7\u2022\u00d7\u201c\u00d7\u2122\u00d7\u009d-\u00d7\u00a0\u00d7\u2022\u00d7\u00a6\u00d7\u00a8\u00d7\u2122\u00d7\u009d \u00d7\u2022\u00d7\u017e\u00d7\u00aa\u00d7\u2014\u00d7\u2122\u00d7\u009d \u00d7\u2014\u00d7\u2018\u00d7\u00a8\u00d7\u00aa\u00d7\u2122\u00d7\u2122\u00d7\u009d \u00d7\u2022\u00d7\u00aa\u00d7\u00a8\u00d7\u2018\u00d7\u2022\u00d7\u00aa\u00d7\u2122\u00d7\u2122\u00d7\u009d \u00d7\u2018\u00d7\u0090\u00d7\u2122\u00d7\u00a8\u00d7\u2022\u00d7\u00a4\u00d7\u201d.<\/p>\n<p dir=\"rtl\">\u00d7\u00a2\u00d7\u201c\u00d7\u2122 \u00d7\u00a9\u00d7\u2022\u00d7\u00a8\u00d7\u00a5 \u00d7\u017e\u00d7\u0153\u00d7\u017e\u00d7\u201c \u00d7\u00a2\u00d7\u2122\u00d7\u00aa\u00d7\u2022\u00d7\u00a0\u00d7\u0090\u00d7\u2022\u00d7\u00aa \u00d7\u2018\u00d7\u017e\u00d7\u203a\u00d7\u0153\u00d7\u0153\u00d7\u00aa \u00d7\u00a1\u00d7\u00a4\u00d7\u2122\u00d7\u00a8 \u00d7\u00a9\u00d7\u2018\u00d7\u00a9\u00d7\u201c\u00d7\u00a8\u00d7\u2022\u00d7\u00aa \u00d7\u2022\u00d7\u2018\u00d7\u017e\u00d7\u00a8\u00d7\u203a\u00d7\u2013 \u00d7\u0153\u00d7\u00aa\u00d7\u00a7\u00d7\u00a9\u00d7\u2022\u00d7\u00a8\u00d7\u00aa \u00d7\u2018\u00d7\u2122\u00d7\u00a0\u00d7\u0153\u00d7\u0090\u00d7\u2022\u00d7\u017e\u00d7\u2122\u00d7\u00aa \u00d7\u2018\u00d7\u0090\u00d7\u2022\u00d7\u00a0\u00d7\u2122\u00d7\u2018\u00d7\u00a8\u00d7\u00a1\u00d7\u2122\u00d7\u02dc\u00d7\u00aa \u00d7\u2018\u00d7\u00a8 \u00d7\u0090\u00d7\u2122\u00d7\u0153\u00d7\u0178. \u00d7\u201d\u00d7\u2022\u00d7\u0090 \u00d7\u017e\u00d7\u00a8\u00d7\u00a6\u00d7\u201d \u00d7\u0090\u00d7\u2022\u00d7\u00a8\u00d7\u2014 \u00d7\u2018\u00d7\u203a\u00d7\u00a0\u00d7\u00a1\u00d7\u2122\u00d7\u009d \u00d7\u2022\u00d7\u2018\u00d7\u0090\u00d7\u2122\u00d7\u00a8\u00d7\u2022\u00d7\u00a2\u00d7\u2122\u00d7\u009d \u00d7\u00a9\u00d7\u0153 \u00d7\u017e\u00d7\u203a\u00d7\u2022\u00d7\u00a0\u00d7\u2122 \u00d7\u017e\u00d7\u2014\u00d7\u00a7\u00d7\u00a8 \u00d7\u2122\u00d7\u00a9\u00d7\u00a8\u00d7\u0090\u00d7\u0153\u00d7\u2122\u00d7\u2122\u00d7\u009d \u00d7\u2022\u00d7\u2018\u00d7\u2122\u00d7\u00a0\u00d7\u0153\u00d7\u0090\u00d7\u2022\u00d7\u017e\u00d7\u2122\u00d7\u2122\u00d7\u009d.<\/p>\n<p dir=\"rtl\">\u00d7\u201d\u00d7\u2022\u00d7\u0090 \u00d7\u2018\u00d7\u2022\u00d7\u2019\u00d7\u00a8 \u00d7\u201d\u00d7\u2014\u00d7\u2022\u00d7\u2019 \u00d7\u0153\u00d7\u201d\u00d7\u2122\u00d7\u00a1\u00d7\u02dc\u00d7\u2022\u00d7\u00a8\u00d7\u2122\u00d7\u201d \u00d7\u203a\u00d7\u0153\u00d7\u0153\u00d7\u2122\u00d7\u00aa \u00d7\u2018\u00d7\u0090\u00d7\u2022\u00d7\u00a0\u00d7\u2122\u00d7\u2018\u00d7\u00a8\u00d7\u00a1\u00d7\u2122\u00d7\u02dc\u00d7\u00aa \u00d7\u00aa\u00d7\u0153 \u00d7\u0090\u00d7\u2018\u00d7\u2122\u00d7\u2018, \u00d7\u2022\u00d7\u201c\u00d7\u2022\u00d7\u2018\u00d7\u00a8 \u00d7\u00a9\u00d7\u00a9 \u00d7\u00a9\u00d7\u00a4\u00d7\u2022\u00d7\u00aa &#8211; \u00d7\u00a2\u00d7\u2018\u00d7\u00a8\u00d7\u2122\u00d7\u00aa, \u00d7\u0090\u00d7\u00a0\u00d7\u2019\u00d7\u0153\u00d7\u2122\u00d7\u00aa, \u00d7\u00a6\u00d7\u00a8\u00d7\u00a4\u00d7\u00aa\u00d7\u2122\u00d7\u00aa, \u00d7\u0090\u00d7\u2122\u00d7\u02dc\u00d7\u0153\u00d7\u00a7\u00d7\u2122\u00d7\u00aa, \u00d7\u00a1\u00d7\u00a4\u00d7\u00a8\u00d7\u201c\u00d7\u2122\u00d7\u00aa \u00d7\u2022\u00d7\u201d\u00d7\u2022\u00d7\u00a0\u00d7\u2019\u00d7\u00a8\u00d7\u2122\u00d7\u00aa.<\/p>\n","protected":false},"excerpt":{"rendered":"<p>Array<\/p>\n","protected":false},"author":1,"featured_media":0,"parent":0,"menu_order":0,"comment_status":"open","ping_status":"open","template":"Bio_Page.php","meta":{"footnotes":""},"class_list":["post-55","page","type-page","status-publish","hentry"],"aioseo_notices":[],"_links":{"self":[{"href":"https:\/\/www.adi-schwartz.com\/HE\/index.php?rest_route=\/wp\/v2\/pages\/55","targetHints":{"allow":["GET"]}}],"collection":[{"href":"https:\/\/www.adi-schwartz.com\/HE\/index.php?rest_route=\/wp\/v2\/pages"}],"about":[{"href":"https:\/\/www.adi-schwartz.com\/HE\/index.php?rest_route=\/wp\/v2\/types\/page"}],"author":[{"embeddable":true,"href":"https:\/\/www.adi-schwartz.com\/HE\/index.php?rest_route=\/wp\/v2\/users\/1"}],"replies":[{"embeddable":true,"href":"https:\/\/www.adi-schwartz.com\/HE\/index.php?rest_route=%2Fwp%2Fv2%2Fcomments&post=55"}],"version-history":[{"count":13,"href":"https:\/\/www.adi-schwartz.com\/HE\/index.php?rest_route=\/wp\/v2\/pages\/55\/revisions"}],"predecessor-version":[{"id":1228,"href":"https:\/\/www.adi-schwartz.com\/HE\/index.php?rest_route=\/wp\/v2\/pages\/55\/revisions\/1228"}],"wp:attachment":[{"href":"https:\/\/www.adi-schwartz.com\/HE\/index.php?rest_route=%2Fwp%2Fv2%2Fmedia&parent=55"}],"curies":[{"name":"wp","href":"https:\/\/api.w.org\/{rel}","templated":true}]}}